{"id":3327,"date":"2025-02-19T12:29:18","date_gmt":"2025-02-19T18:29:18","guid":{"rendered":"https:\/\/congreso-transdigital.org\/?page_id=3327"},"modified":"2026-04-02T14:28:43","modified_gmt":"2026-04-02T20:28:43","slug":"cvt-2025","status":"publish","type":"page","link":"https:\/\/congreso.transdigital.mx\/en\/","title":{"rendered":"CVT 2026"},"content":{"rendered":"<p>[et_pb_section fb_built=&#8221;1&#8243; fullwidth=&#8221;on&#8221; _builder_version=&#8221;4.27.4&#8243; _module_preset=&#8221;default&#8221; global_colors_info=&#8221;{}&#8221;][et_pb_fullwidth_image src=&#8221;https:\/\/congreso.transdigital.mx\/wp-content\/uploads\/2026\/04\/7CVT2026.jpeg&#8221; title_text=&#8221;7CVT2026&#8243; _builder_version=&#8221;4.27.4&#8243; _module_preset=&#8221;default&#8221; width=&#8221;100%&#8221; max_width=&#8221;100%&#8221; module_alignment=&#8221;center&#8221; global_colors_info=&#8221;{}&#8221;][\/et_pb_fullwidth_image][\/et_pb_section][et_pb_section fb_built=&#8221;1&#8243; _builder_version=&#8221;4.27.4&#8243; _module_preset=&#8221;default&#8221; custom_padding=&#8221;8px||8px|||&#8221; global_colors_info=&#8221;{}&#8221;][et_pb_row _builder_version=&#8221;4.27.4&#8243; _module_preset=&#8221;default&#8221; custom_padding=&#8221;0px||0px|||&#8221; global_colors_info=&#8221;{}&#8221;][et_pb_column type=&#8221;4_4&#8243; _builder_version=&#8221;4.27.4&#8243; _module_preset=&#8221;default&#8221; global_colors_info=&#8221;{}&#8221;][et_pb_button button_url=&#8221;https:\/\/congreso.transdigital.mx\/download\/4500\/?tmstv=1775158604&#8243; button_text=&#8221;Conoce la convocatoria al 7.o Congreso Virtual Transdigital&#8221; button_alignment=&#8221;center&#8221; _builder_version=&#8221;4.27.4&#8243; _module_preset=&#8221;default&#8221; custom_button=&#8221;on&#8221; button_text_color=&#8221;#a50071&#8243; global_colors_info=&#8221;{}&#8221;][\/et_pb_button][\/et_pb_column][\/et_pb_row][\/et_pb_section][et_pb_section fb_built=&#8221;1&#8243; admin_label=&#8221;conference&#8221; _builder_version=&#8221;4.16&#8243; global_colors_info=&#8221;{}&#8221;][et_pb_row _builder_version=&#8221;4.27.4&#8243; _module_preset=&#8221;default&#8221; global_colors_info=&#8221;{}&#8221;][et_pb_column type=&#8221;4_4&#8243; _builder_version=&#8221;4.27.4&#8243; _module_preset=&#8221;default&#8221; global_colors_info=&#8221;{}&#8221;][et_pb_text _builder_version=&#8221;4.27.4&#8243; _module_preset=&#8221;default&#8221; global_colors_info=&#8221;{}&#8221;]<\/p>\n<h1 style=\"text-align: center;\"><span style=\"color: #800080;\">Presentation<\/span><\/h1>\n<p style=\"text-align: center;\">The 7th Transdigital Virtual Conference: Disruptions and Continuities is an initiative of the Society for Research on Digital Studies S.C. This edition will be held entirely online on October 30 and 31, 2026. The objective is to bring together preliminary or final results of empirical research, documentary studies, or scientific essays on topics and challenges involving technology and digital transformation.<\/p>\n<p style=\"text-align: center;\">The 7th Transdigital Virtual Congress is aimed at researchers, educators from all disciplines and levels of the education system, undergraduate and graduate students, , school administrators, and other professionals interested in empirical and documentary research on the use  of technology and digital transformation in various social spheres, such as health, education, finance, leisure, gender issues, sports, employment, justice, and so on.<\/p>\n<p>[\/et_pb_text][\/et_pb_column][\/et_pb_row][\/et_pb_section][et_pb_section fb_built=&#8221;1&#8243; admin_label=&#8221;The Location&#8221; _builder_version=&#8221;4.27.4&#8243; background_enable_image=&#8221;off&#8221; background_size=&#8221;initial&#8221; background_position=&#8221;bottom_left&#8221; custom_padding=&#8221;54px|0px|0|0px|false|false&#8221; global_colors_info=&#8221;{}&#8221;][et_pb_row column_structure=&#8221;1_2,1_2&#8243; _builder_version=&#8221;4.27.4&#8243; _module_preset=&#8221;default&#8221; min_height=&#8221;574.6px&#8221; global_colors_info=&#8221;{}&#8221; admin_label=&#8221;Row&#8221;][et_pb_column type=&#8221;1_2&#8243; _builder_version=&#8221;4.27.4&#8243; _module_preset=&#8221;default&#8221; global_colors_info=&#8221;{}&#8221;][et_pb_text _builder_version=&#8221;4.27.4&#8243; _module_preset=&#8221;default&#8221; hover_enabled=&#8221;0&#8243; global_colors_info=&#8221;{}&#8221; sticky_enabled=&#8221;0&#8243;]<\/p>\n<h1><span style=\"color: #993366;\">Types of participation<\/span><\/h1>\n<p>There are two ways to participate in the 7th<sup>o<\/sup> Virtual Congress <em>Transdigital<\/em>:<\/p>\n<ul>\n<li>Speaker.<\/li>\n<li>Attendee<\/li>\n<\/ul>\n<p>Those interested in presenting may submit an unpublished paper presenting preliminary or final results of empirical or documentary research, or scientific essays on the integration of technology into any social context. Empirical or documentary research reports and scientific essays are accepted.Papers may be submitted in Spanish or English.<\/p>\n<p>Those interested in attending as Assistant can access all presentations and academic videos for free on the official website of the 7th<sup>o<\/sup> Virtual Congress <em>Transdigital <\/em><span style=\"color: #800080;\">(<a href=\"https:\/\/congreso.transdigital.mx\/en\/\" style=\"color: #800080;\">www.congreso.transdigital.mx<\/a>)<\/span> on October 30 and 31, 2026.<\/p>\n<p>[\/et_pb_text][\/et_pb_column][et_pb_column type=&#8221;1_2&#8243; _builder_version=&#8221;4.27.4&#8243; _module_preset=&#8221;default&#8221; global_colors_info=&#8221;{}&#8221;][et_pb_text _builder_version=&#8221;4.27.4&#8243; _module_preset=&#8221;default&#8221; hover_enabled=&#8221;0&#8243; global_colors_info=&#8221;{}&#8221; sticky_enabled=&#8221;0&#8243;]<\/p>\n<p>&nbsp;<\/p>\n<p>Papers may be submitted from April 1 through September 15, 2026.<\/p>\n<p>Please send it to the following email address: <span style=\"color: #800080;\"><a href=\"mailto:congreso@transdigital.mx\" style=\"color: #800080;\">congreso@transdigital.mx<\/a><\/span><\/p>\n<p class=\"translation-block\">Download the format to send your empirical research report or documentary researh report in English <span style=\"color: #002468\"> <a href=\"https:\/\/congreso.transdigital.mx\/varios\/CVT-ArtInv-2.docx\" style=\"color: #002468\" target=\"_self\"><strong>here<\/strong><\/a><\/span>.<\/p>\n<p>[\/et_pb_text][et_pb_button button_url=&#8221;https:\/\/congreso.transdigital.mx\/download\/4509\/?tmstv=1775159230&#8243; button_text=&#8221;Formato de investigaci\u00f3n emp\u00edrica&#8221; button_alignment=&#8221;center&#8221; _builder_version=&#8221;4.27.4&#8243; _module_preset=&#8221;default&#8221; custom_button=&#8221;on&#8221; button_text_color=&#8221;#a50071&#8243; global_colors_info=&#8221;{}&#8221;][\/et_pb_button][et_pb_text _builder_version=&#8221;4.27.4&#8243; _module_preset=&#8221;default&#8221; global_colors_info=&#8221;{}&#8221;]<\/p>\n<p>&nbsp;<\/p>\n<p class=\"translation-block\">Download the template to submit your scientific essay in English <span style=\"color: #002468\"><strong>here.<\/strong><\/a><\/span><\/p>\n<p>[\/et_pb_text][et_pb_button button_url=&#8221;https:\/\/congreso.transdigital.mx\/download\/4506\/?tmstv=1775159114&#8243; button_text=&#8221;Formato de ensayo cient\u00edfico&#8221; button_alignment=&#8221;center&#8221; _builder_version=&#8221;4.27.4&#8243; _module_preset=&#8221;default&#8221; custom_button=&#8221;on&#8221; button_text_color=&#8221;#a50071&#8243; global_colors_info=&#8221;{}&#8221;][\/et_pb_button][\/et_pb_column][\/et_pb_row][et_pb_row _builder_version=&#8221;4.27.4&#8243; _module_preset=&#8221;default&#8221; min_height=&#8221;267.8px&#8221; global_colors_info=&#8221;{}&#8221;][et_pb_column type=&#8221;4_4&#8243; _builder_version=&#8221;4.27.4&#8243; _module_preset=&#8221;default&#8221; global_colors_info=&#8221;{}&#8221;][et_pb_text _builder_version=&#8221;4.27.4&#8243; _module_preset=&#8221;default&#8221; min_height=&#8221;155.8px&#8221; global_colors_info=&#8221;{}&#8221;]<\/p>\n<h1 style=\"text-align: center;\"><span style=\"color: #800080;\">Short academic video<\/span><\/h1>\n<p style=\"text-align: center;\">Speakers at the 7th.<sup>o<\/sup> Virtual Congress <em>Transdigital<\/em> 2026 must submit a video lasting between one and three minutes that highlights the abstract of their presentation. The deadline for submission is October 15, 2026. Submissions may be made via email or through a cloud-based file-sharing service such as <em>nube<\/em> Google Drive, Dropbox, etc. The short academic videos submitted to the 7th<sup>o<\/sup> Virtual Congress\u00a0<em>Transdigital<\/em>\u00a0be posted on the Transdigital YouTube channel: <em>Transdigital<\/em>:<\/p>\n<p style=\"text-align: center;\"><span style=\"color: #800080;\"><a href=\"https:\/\/www.youtube.com\/@transdigitalmx\" style=\"color: #800080;\">https:\/\/www.youtube.com\/@transdigitalmx<\/a><\/span><\/p>\n<p>&nbsp;<\/p>\n<p>[\/et_pb_text][\/et_pb_column][\/et_pb_row][\/et_pb_section][et_pb_section fb_built=&#8221;1&#8243; admin_label=&#8221;conference&#8221; _builder_version=&#8221;4.16&#8243; global_colors_info=&#8221;{}&#8221;][et_pb_row column_structure=&#8221;1_2,1_2&#8243; _builder_version=&#8221;4.27.4&#8243; _module_preset=&#8221;default&#8221; global_colors_info=&#8221;{}&#8221;][et_pb_column type=&#8221;1_2&#8243; _builder_version=&#8221;4.27.4&#8243; _module_preset=&#8221;default&#8221; global_colors_info=&#8221;{}&#8221;][et_pb_text _builder_version=&#8221;4.27.4&#8243; _module_preset=&#8221;default&#8221; global_colors_info=&#8221;{}&#8221;]<\/p>\n<h1><span style=\"color: #800080;\">Certificates<\/span><\/h1>\n<p>Al finalizar el 7.<sup>o<\/sup> Virtual Congress <em>Transdigital<\/em> various certificates will be sent via email, depending on the type of participation:<\/p>\n<p><em>Speaker Certificate<\/em>: A speaker certificate will be issued to each author of the presentation, and an attendee certificate will be issued upon request via email <span style=\"color: #800080;\"><a href=\"mailto:congreso@transdigital.mx\" style=\"color: #800080;\">congreso@transdigital.mx<\/a>,<\/span> if it met the following requirements:<\/p>\n<p>&nbsp;<\/p>\n<ul>\n<li>Have paid the registration fee for the 7th<sup>o<\/sup> Virtual Congress <em>Transdigital<\/em>.<\/li>\n<li class=\"translation-block\">Have submitted your paper in the official format of the Transdigital Virtual Conference.<\/li>\n<\/ul>\n<p>[\/et_pb_text][\/et_pb_column][et_pb_column type=&#8221;1_2&#8243; _builder_version=&#8221;4.27.4&#8243; _module_preset=&#8221;default&#8221; global_colors_info=&#8221;{}&#8221;][et_pb_text _builder_version=&#8221;4.27.4&#8243; _module_preset=&#8221;default&#8221; global_colors_info=&#8221;{}&#8221;]<\/p>\n<p><em><\/em><\/p>\n<p><em><\/em><\/p>\n<p><em><\/em><\/p>\n<p><em>Attendance Certificate<\/em>: An attendance certificate will be issued to those who request it in advance by email <span style=\"color: #800080;\"><a href=\"mailto:congreso@transdigital.mx\" style=\"color: #800080;\">congreso@transdigital.mx<\/a>,<\/span> if it met the following requirements:<\/p>\n<ul>\n<li>Payment of the certificate issuance fee: 60 USD.<\/li>\n<\/ul>\n<p>Attendance at the 7th<sup>o<\/sup> Virtual Congress <em>Transdigital<\/em> is free; there is a fee for the certificate.<\/p>\n<p>[\/et_pb_text][\/et_pb_column][\/et_pb_row][\/et_pb_section][et_pb_section fb_built=&#8221;1&#8243; admin_label=&#8221;Ticket pricing&#8221; _builder_version=&#8221;4.16&#8243; global_colors_info=&#8221;{}&#8221;][et_pb_row _builder_version=&#8221;4.27.4&#8243; _module_preset=&#8221;default&#8221; global_colors_info=&#8221;{}&#8221;][et_pb_column type=&#8221;4_4&#8243; _builder_version=&#8221;4.27.4&#8243; _module_preset=&#8221;default&#8221; global_colors_info=&#8221;{}&#8221;][et_pb_text _builder_version=&#8221;4.27.4&#8243; _module_preset=&#8221;default&#8221; global_colors_info=&#8221;{}&#8221;]<\/p>\n<h1><span style=\"color: #800080;\">Publication of a book chapter by Transdigital <em>Transdigital<\/em><\/span><\/h1>\n<p>Papers accepted for the 7th<sup>o<\/sup> Virtual Congress <em>Transdigital<\/em> will be published in December 2026 as a chapter in a scientific book byTransdigital Publishing House <em>Transdigital<\/em> <span style=\"color: #800080;\">(<a href=\"http:\/\/www.editorial-transdigital.org\" style=\"color: #800080;\">editorial-transdigital.org<\/a>).<\/span> The book will have an International Standard Book Number (ISBN) and a Digital Object Identifier (DOI) for the entire work and for each chapter.<\/p>\n<p>&nbsp;<\/p>\n<p>The book will be available for free on <span style=\"color: #993366;\"><strong>Dialnet<\/strong><\/span>, <span style=\"color: #993366;\"><strong>EBSCO<\/strong><\/span>, <span style=\"color: #993366;\"><strong>Google Books<\/strong><\/span>, <span style=\"color: #993366;\"><strong>Google Play<\/strong><\/span>, <span style=\"color: #993366;\"><strong>Google Scholar<\/strong><\/span>, <span style=\"color: #993366;\"><strong>eLibro<\/strong>, <strong>Scilit<\/strong><\/span> and <span style=\"color: #993366;\"><strong>Academia<\/strong>.<\/span> It will also be available at a nominal fee on <span style=\"color: #993366;\"><strong>Amazon Kindle<\/strong><\/span> (a fee paid by Kindle readers).<\/p>\n<p>&nbsp;<\/p>\n<p>Transdigital Publishing is registered in the National Register of Publishers as the publishing agent Sociedad de Investigaci\u00f3n sobre Estudios Digitales, S. C., with the ISBN 978-607-99594.<\/p>\n<p>&nbsp;<\/p>\n<p>In addition, it is a member of the National Chamber of the Mexican Publishing Industry (CANIEM) under membership number 4069, in accordance with Article 17 of the current Law on Business Chambers and Their Confederations.<\/p>\n<p>&nbsp;<\/p>\n<p>It is registered with the National Registry of Scientific and Technological Institutions and Companies (RENIECYT) of Mexico\u2019s Ministry of Science, Humanities, Technology, and Innovation under registration number: <span style=\"color: #993366;\"><strong>RENIECYT 2400068.<\/strong><\/span><\/p>\n<p>&nbsp;<\/p>\n<p>[\/et_pb_text][\/et_pb_column][\/et_pb_row][\/et_pb_section]<\/p>","protected":false},"excerpt":{"rendered":"<p>Presentaci\u00f3n El 7.o Congreso Virtual Transdigital: Tecnolog\u00edas disruptivas: desaf\u00edos y oportunidades, es una iniciativa de la Sociedad de Investigaci\u00f3n sobre Estudios Digitales S. C. Esta edici\u00f3n se realizar\u00e1 de manera totalmente virtual el 30 y 31 de octubre de 2026. El objetivo es reunir resultados parciales o finales de investigaciones emp\u00edricas, documentales o ensayos cient\u00edficos [&hellip;]<\/p>","protected":false},"author":4,"featured_media":0,"parent":0,"menu_order":0,"comment_status":"closed","ping_status":"closed","template":"","meta":{"_acf_changed":false,"_et_pb_use_builder":"on","_et_pb_old_content":"","_et_gb_content_width":"","footnotes":""},"class_list":["post-3327","page","type-page","status-publish","hentry"],"acf":[],"_links":{"self":[{"href":"https:\/\/congreso.transdigital.mx\/en\/wp-json\/wp\/v2\/pages\/3327","targetHints":{"allow":["GET"]}}],"collection":[{"href":"https:\/\/congreso.transdigital.mx\/en\/wp-json\/wp\/v2\/pages"}],"about":[{"href":"https:\/\/congreso.transdigital.mx\/en\/wp-json\/wp\/v2\/types\/page"}],"author":[{"embeddable":true,"href":"https:\/\/congreso.transdigital.mx\/en\/wp-json\/wp\/v2\/users\/4"}],"replies":[{"embeddable":true,"href":"https:\/\/congreso.transdigital.mx\/en\/wp-json\/wp\/v2\/comments?post=3327"}],"version-history":[{"count":25,"href":"https:\/\/congreso.transdigital.mx\/en\/wp-json\/wp\/v2\/pages\/3327\/revisions"}],"predecessor-version":[{"id":4527,"href":"https:\/\/congreso.transdigital.mx\/en\/wp-json\/wp\/v2\/pages\/3327\/revisions\/4527"}],"wp:attachment":[{"href":"https:\/\/congreso.transdigital.mx\/en\/wp-json\/wp\/v2\/media?parent=3327"}],"curies":[{"name":"wp","href":"https:\/\/api.w.org\/{rel}","templated":true}]}}