{"id":380,"date":"2021-04-05T18:21:34","date_gmt":"2021-04-05T23:21:34","guid":{"rendered":"https:\/\/congreso-transdigital.org\/?page_id=380"},"modified":"2026-04-03T09:24:07","modified_gmt":"2026-04-03T15:24:07","slug":"fechas-importantes","status":"publish","type":"page","link":"https:\/\/congreso.transdigital.mx\/en\/cvt-2024\/fechas-importantes\/","title":{"rendered":"Important dates"},"content":{"rendered":"<p>[et_pb_section fb_built=&#8221;1&#8243; custom_padding_last_edited=&#8221;off|desktop&#8221; admin_label=&#8221;Hero&#8221; _builder_version=&#8221;4.27.4&#8243; custom_margin=&#8221;|||&#8221; custom_padding=&#8221;100px||0px|||&#8221; custom_padding_tablet=&#8221;130px||130px|&#8221; global_colors_info=&#8221;{}&#8221;][et_pb_row column_structure=&#8221;1_2,1_2&#8243; admin_label=&#8221;title and illustration&#8221; _builder_version=&#8221;4.16&#8243; background_size=&#8221;initial&#8221; background_position=&#8221;top_left&#8221; background_repeat=&#8221;repeat&#8221; custom_margin=&#8221;|||&#8221; global_colors_info=&#8221;{}&#8221;][et_pb_column type=&#8221;1_2&#8243; _builder_version=&#8221;4.16&#8243; custom_padding=&#8221;|||&#8221; global_colors_info=&#8221;{}&#8221; custom_padding__hover=&#8221;|||&#8221;][et_pb_text _builder_version=&#8221;4.27.4&#8243; header_font=&#8221;Raleway|300||on|||||&#8221; header_text_color=&#8221;#00504c&#8221; header_font_size=&#8221;46px&#8221; header_line_height=&#8221;1.3em&#8221; custom_margin=&#8221;||0px|&#8221; animation_style=&#8221;flip&#8221; animation_direction=&#8221;top&#8221; global_colors_info=&#8221;{}&#8221;]<\/p>\n<h2><span style=\"color: #993366;\">Important dates<\/span><\/h2>\n<p>[\/et_pb_text][\/et_pb_column][et_pb_column type=&#8221;1_2&#8243; _builder_version=&#8221;4.16&#8243; custom_padding=&#8221;|||&#8221; global_colors_info=&#8221;{}&#8221; custom_padding__hover=&#8221;|||&#8221;][\/et_pb_column][\/et_pb_row][\/et_pb_section][et_pb_section fb_built=&#8221;1&#8243; admin_label=&#8221;schedules section&#8221; _builder_version=&#8221;4.16&#8243; custom_padding=&#8221;55px||100px|||&#8221; animation_style=&#8221;zoom&#8221; animation_intensity_zoom=&#8221;10%&#8221; global_colors_info=&#8221;{}&#8221;][et_pb_row _builder_version=&#8221;4.27.4&#8243; custom_padding=&#8221;10px|0px|10px|0px&#8221; border_color_all=&#8221;#FF9D15&#8243; border_width_bottom=&#8221;3px&#8221; global_colors_info=&#8221;{}&#8221;][et_pb_column type=&#8221;4_4&#8243; _builder_version=&#8221;4.27.4&#8243; custom_padding=&#8221;|||&#8221; border_color_all=&#8221;#E09900&#8243; global_colors_info=&#8221;{}&#8221; custom_padding__hover=&#8221;|||&#8221;][et_pb_text _builder_version=&#8221;4.27.4&#8243; _module_preset=&#8221;default&#8221; header_2_font=&#8221;Raleway|300||on|||||&#8221; header_2_text_color=&#8221;#132e4a&#8221; global_colors_info=&#8221;{}&#8221;]<\/p>\n<h3><span style=\"color: #993366;\">Calendar<\/span><\/h3>\n<p>[\/et_pb_text][et_pb_text _builder_version=&#8221;4.27.4&#8243; _module_preset=&#8221;default&#8221; global_colors_info=&#8221;{}&#8221;]<\/p>\n<p><span style=\"color: #000000;\">(Time zone Central Zone UTC-06: 00, UTC-05: 00 in summer)<\/span><\/p>\n<p>[\/et_pb_text][\/et_pb_column][\/et_pb_row][et_pb_row column_structure=&#8221;2_5,3_5&#8243; admin_label=&#8221;Timing and speaker&#8221; _builder_version=&#8221;4.16&#8243; custom_padding=&#8221;30px|0px|10px|0px|false|false&#8221; border_color_all=&#8221;#e1e3e5&#8243; border_width_top=&#8221;1px&#8221; global_colors_info=&#8221;{}&#8221;][et_pb_column type=&#8221;2_5&#8243; _builder_version=&#8221;4.16&#8243; custom_padding=&#8221;|||&#8221; global_colors_info=&#8221;{}&#8221; custom_padding__hover=&#8221;|||&#8221;][et_pb_blurb title=&#8221;01 de abril de 2026&#8243; use_icon=&#8221;on&#8221; font_icon=&#8221;&#xe023;||divi||400&#8243; icon_color=&#8221;#a9aab7&#8243; icon_placement=&#8221;left&#8221; image_icon_width=&#8221;24px&#8221; _builder_version=&#8221;4.27.4&#8243; header_font=&#8221;Raleway|700||on|||||&#8221; header_font_size=&#8221;14px&#8221; header_letter_spacing=&#8221;1px&#8221; header_line_height=&#8221;24px&#8221; body_font=&#8221;||||||||&#8221; custom_margin=&#8221;|||&#8221; icon_font_size=&#8221;24px&#8221; global_colors_info=&#8221;{}&#8221;][\/et_pb_blurb][\/et_pb_column][et_pb_column type=&#8221;3_5&#8243; _builder_version=&#8221;4.16&#8243; custom_padding=&#8221;|||&#8221; global_colors_info=&#8221;{}&#8221; custom_padding__hover=&#8221;|||&#8221;][et_pb_text _builder_version=&#8221;4.27.4&#8243; header_font=&#8221;Raleway||||||||&#8221; header_4_font=&#8221;Raleway|300|||||||&#8221; header_4_text_color=&#8221;#6b6b6b&#8221; global_colors_info=&#8221;{}&#8221;]<\/p>\n<h4>Call for papers announced.<\/h4>\n<p>[\/et_pb_text][\/et_pb_column][\/et_pb_row][et_pb_row column_structure=&#8221;2_5,3_5&#8243; admin_label=&#8221;Timing and speaker&#8221; _builder_version=&#8221;4.16&#8243; custom_padding=&#8221;30px|0px|10px|0px|false|false&#8221; border_color_all=&#8221;#e1e3e5&#8243; border_width_top=&#8221;1px&#8221; global_colors_info=&#8221;{}&#8221;][et_pb_column type=&#8221;2_5&#8243; _builder_version=&#8221;4.16&#8243; custom_padding=&#8221;|||&#8221; global_colors_info=&#8221;{}&#8221; custom_padding__hover=&#8221;|||&#8221;][et_pb_blurb title=&#8221;Del 01 de abril al 31 de agosto de 2026&#8243; use_icon=&#8221;on&#8221; font_icon=&#8221;&#xe023;||divi||400&#8243; icon_color=&#8221;#a9aab7&#8243; icon_placement=&#8221;left&#8221; image_icon_width=&#8221;24px&#8221; _builder_version=&#8221;4.27.4&#8243; header_font=&#8221;Raleway|||on|||||&#8221; header_font_size=&#8221;14px&#8221; header_letter_spacing=&#8221;1px&#8221; header_line_height=&#8221;24px&#8221; body_font=&#8221;||||||||&#8221; custom_margin=&#8221;|||&#8221; icon_font_size=&#8221;24px&#8221; global_colors_info=&#8221;{}&#8221;][\/et_pb_blurb][\/et_pb_column][et_pb_column type=&#8221;3_5&#8243; _builder_version=&#8221;4.16&#8243; custom_padding=&#8221;|||&#8221; global_colors_info=&#8221;{}&#8221; custom_padding__hover=&#8221;|||&#8221;][et_pb_text _builder_version=&#8221;4.20.2&#8243; header_4_font=&#8221;Raleway|300|||||||&#8221; header_4_text_color=&#8221;#6b6b6b&#8221; global_colors_info=&#8221;{}&#8221;]<\/p>\n<h4>Receptions of papers<\/h4>\n<p>[\/et_pb_text][\/et_pb_column][\/et_pb_row][et_pb_row column_structure=&#8221;2_5,3_5&#8243; admin_label=&#8221;Timing and speaker&#8221; _builder_version=&#8221;4.16&#8243; custom_padding=&#8221;30px|0px|10px|0px|false|false&#8221; border_color_all=&#8221;#e1e3e5&#8243; border_width_top=&#8221;1px&#8221; global_colors_info=&#8221;{}&#8221;][et_pb_column type=&#8221;2_5&#8243; _builder_version=&#8221;4.16&#8243; custom_padding=&#8221;|||&#8221; global_colors_info=&#8221;{}&#8221; custom_padding__hover=&#8221;|||&#8221;][et_pb_blurb title=&#8221;antes del 15 de septiembre de 2026&#8243; use_icon=&#8221;on&#8221; font_icon=&#8221;&#xe023;||divi||400&#8243; icon_color=&#8221;#a9aab7&#8243; icon_placement=&#8221;left&#8221; image_icon_width=&#8221;24px&#8221; _builder_version=&#8221;4.27.4&#8243; header_font=&#8221;Raleway|||on|||||&#8221; header_font_size=&#8221;14px&#8221; header_letter_spacing=&#8221;1px&#8221; header_line_height=&#8221;24px&#8221; body_font=&#8221;||||||||&#8221; custom_margin=&#8221;|||&#8221; icon_font_size=&#8221;24px&#8221; global_colors_info=&#8221;{}&#8221;][\/et_pb_blurb][\/et_pb_column][et_pb_column type=&#8221;3_5&#8243; _builder_version=&#8221;4.16&#8243; custom_padding=&#8221;|||&#8221; global_colors_info=&#8221;{}&#8221; custom_padding__hover=&#8221;|||&#8221;][et_pb_text _builder_version=&#8221;4.27.4&#8243; header_4_font=&#8221;Raleway|300|||||||&#8221; header_4_text_color=&#8221;#6b6b6b&#8221; global_colors_info=&#8221;{}&#8221;]<\/p>\n<h4>Confirmation via email <span style=\"color: #993366;\">(<a href=\"mailto:congreso@transdigital.mx\" style=\"color: #993366;\">congreso@transdigital.mx<\/a>)<\/span> of accepted papers.<\/h4>\n<p>[\/et_pb_text][\/et_pb_column][\/et_pb_row][et_pb_row column_structure=&#8221;2_5,3_5&#8243; admin_label=&#8221;Timing and speaker&#8221; _builder_version=&#8221;4.16&#8243; custom_padding=&#8221;30px|0px|10px|0px|false|false&#8221; border_color_all=&#8221;#e1e3e5&#8243; border_width_top=&#8221;1px&#8221; global_colors_info=&#8221;{}&#8221;][et_pb_column type=&#8221;2_5&#8243; _builder_version=&#8221;4.16&#8243; custom_padding=&#8221;|||&#8221; global_colors_info=&#8221;{}&#8221; custom_padding__hover=&#8221;|||&#8221;][et_pb_blurb title=&#8221;Antes del 15 de octubre de 2026.&#8221; use_icon=&#8221;on&#8221; font_icon=&#8221;&#xe023;||divi||400&#8243; icon_color=&#8221;#a9aab7&#8243; icon_placement=&#8221;left&#8221; image_icon_width=&#8221;24px&#8221; _builder_version=&#8221;4.27.4&#8243; header_font=&#8221;Raleway|||on|||||&#8221; header_font_size=&#8221;14px&#8221; header_letter_spacing=&#8221;1px&#8221; header_line_height=&#8221;24px&#8221; body_font=&#8221;||||||||&#8221; custom_margin=&#8221;|||&#8221; icon_font_size=&#8221;24px&#8221; global_colors_info=&#8221;{}&#8221;][\/et_pb_blurb][\/et_pb_column][et_pb_column type=&#8221;3_5&#8243; _builder_version=&#8221;4.16&#8243; custom_padding=&#8221;|||&#8221; global_colors_info=&#8221;{}&#8221; custom_padding__hover=&#8221;|||&#8221;][et_pb_text _builder_version=&#8221;4.27.4&#8243; header_4_font=&#8221;Raleway|300|||||||&#8221; header_4_text_color=&#8221;#6b6b6b&#8221; global_colors_info=&#8221;{}&#8221;]<\/p>\n<h4>Submission of short academic videos related to the presentation.<\/h4>\n<p>[\/et_pb_text][\/et_pb_column][\/et_pb_row][et_pb_row column_structure=&#8221;2_5,3_5&#8243; admin_label=&#8221;Timing and speaker&#8221; _builder_version=&#8221;4.16&#8243; custom_padding=&#8221;30px|0px|10px|0px|false|false&#8221; border_color_all=&#8221;#e1e3e5&#8243; border_width_top=&#8221;1px&#8221; global_colors_info=&#8221;{}&#8221;][et_pb_column type=&#8221;2_5&#8243; _builder_version=&#8221;4.16&#8243; custom_padding=&#8221;|||&#8221; global_colors_info=&#8221;{}&#8221; custom_padding__hover=&#8221;|||&#8221;][et_pb_blurb title=&#8221;desde el 01 de abril hasta el 15 de septiembre de 2026&#8243; use_icon=&#8221;on&#8221; font_icon=&#8221;&#xe023;||divi||400&#8243; icon_color=&#8221;#a9aab7&#8243; icon_placement=&#8221;left&#8221; image_icon_width=&#8221;24px&#8221; _builder_version=&#8221;4.27.4&#8243; header_font=&#8221;Raleway|||on|||||&#8221; header_font_size=&#8221;14px&#8221; header_letter_spacing=&#8221;1px&#8221; header_line_height=&#8221;24px&#8221; body_font=&#8221;||||||||&#8221; custom_margin=&#8221;|||&#8221; icon_font_size=&#8221;24px&#8221; global_colors_info=&#8221;{}&#8221;][\/et_pb_blurb][\/et_pb_column][et_pb_column type=&#8221;3_5&#8243; _builder_version=&#8221;4.16&#8243; custom_padding=&#8221;|||&#8221; global_colors_info=&#8221;{}&#8221; custom_padding__hover=&#8221;|||&#8221;][et_pb_toggle title=&#8221;Inscripci\u00f3n.      &#8221; closed_toggle_background_color=&#8221;#ffffff&#8221; icon_color=&#8221;#002468&#8243; use_icon_font_size=&#8221;on&#8221; icon_font_size=&#8221;24px&#8221; open_icon_color=&#8221;#FF0747&#8243; open_use_icon_font_size=&#8221;on&#8221; open_icon_font_size=&#8221;24px&#8221; _builder_version=&#8221;4.27.4&#8243; title_font=&#8221;Raleway|300|||||||&#8221; title_font_size=&#8221;18px&#8221; title_line_height=&#8221;1.8em&#8221; closed_title_font=&#8221;Raleway|300|||||||&#8221; body_font=&#8221;||||||||&#8221; body_font_size=&#8221;18px&#8221; body_line_height=&#8221;1.8em&#8221; custom_margin=&#8221;|||&#8221; custom_padding=&#8221;0px|0px|0px|0px&#8221; border_width_all=&#8221;0px&#8221; global_colors_info=&#8221;{}&#8221;]<\/p>\n<p>Attendee: free.<br \/>Speaker fee: 6,000 Mexican pesos. <br \/>This rate applies to accepted papers (maximum of three authors and 4,000 words). Additional authors and word counts may be accommodated for an additional fee.<\/p>\n<p>[\/et_pb_toggle][\/et_pb_column][\/et_pb_row][et_pb_row column_structure=&#8221;2_5,3_5&#8243; admin_label=&#8221;Timing and speaker&#8221; _builder_version=&#8221;4.16&#8243; custom_padding=&#8221;30px|0px|10px|0px|false|false&#8221; border_color_all=&#8221;#e1e3e5&#8243; border_width_top=&#8221;1px&#8221; global_colors_info=&#8221;{}&#8221;][et_pb_column type=&#8221;2_5&#8243; _builder_version=&#8221;4.16&#8243; custom_padding=&#8221;|||&#8221; global_colors_info=&#8221;{}&#8221; custom_padding__hover=&#8221;|||&#8221;][et_pb_blurb title=&#8221;30 y 31 de octubre de 2026&#8243; use_icon=&#8221;on&#8221; font_icon=&#8221;&#xe023;||divi||400&#8243; icon_color=&#8221;#a9aab7&#8243; icon_placement=&#8221;left&#8221; image_icon_width=&#8221;24px&#8221; _builder_version=&#8221;4.27.4&#8243; header_font=&#8221;Raleway|||on|||||&#8221; header_font_size=&#8221;14px&#8221; header_letter_spacing=&#8221;1px&#8221; header_line_height=&#8221;24px&#8221; body_font=&#8221;||||||||&#8221; custom_margin=&#8221;|||&#8221; icon_font_size=&#8221;24px&#8221; global_colors_info=&#8221;{}&#8221;][\/et_pb_blurb][\/et_pb_column][et_pb_column type=&#8221;3_5&#8243; _builder_version=&#8221;4.16&#8243; custom_padding=&#8221;|||&#8221; global_colors_info=&#8221;{}&#8221; custom_padding__hover=&#8221;|||&#8221;][et_pb_text _builder_version=&#8221;4.27.4&#8243; header_4_font=&#8221;Raleway|300|||||||&#8221; header_4_text_color=&#8221;#6b6b6b&#8221; global_colors_info=&#8221;{}&#8221;]<\/p>\n<h4>Holding of the 7th Transdigital Virtual Conference.<\/h4>\n<p>[\/et_pb_text][\/et_pb_column][\/et_pb_row][et_pb_row column_structure=&#8221;2_5,3_5&#8243; admin_label=&#8221;Timing and speaker&#8221; _builder_version=&#8221;4.16&#8243; custom_padding=&#8221;30px|0px|10px|0px|false|false&#8221; border_color_all=&#8221;#e1e3e5&#8243; border_width_top=&#8221;1px&#8221; global_colors_info=&#8221;{}&#8221;][et_pb_column type=&#8221;2_5&#8243; _builder_version=&#8221;4.16&#8243; custom_padding=&#8221;|||&#8221; global_colors_info=&#8221;{}&#8221; custom_padding__hover=&#8221;|||&#8221;][et_pb_blurb title=&#8221;20 de diciembre de 2026&#8243; use_icon=&#8221;on&#8221; font_icon=&#8221;&#xe023;||divi||400&#8243; icon_color=&#8221;#a9aab7&#8243; icon_placement=&#8221;left&#8221; image_icon_width=&#8221;24px&#8221; _builder_version=&#8221;4.27.4&#8243; header_font=&#8221;Raleway|||on|||||&#8221; header_font_size=&#8221;14px&#8221; header_letter_spacing=&#8221;1px&#8221; header_line_height=&#8221;24px&#8221; body_font=&#8221;||||||||&#8221; custom_margin=&#8221;|||&#8221; icon_font_size=&#8221;24px&#8221; global_colors_info=&#8221;{}&#8221;][\/et_pb_blurb][\/et_pb_column][et_pb_column type=&#8221;3_5&#8243; _builder_version=&#8221;4.16&#8243; custom_padding=&#8221;|||&#8221; global_colors_info=&#8221;{}&#8221; custom_padding__hover=&#8221;|||&#8221;][et_pb_text _builder_version=&#8221;4.27.4&#8243; header_2_text_color=&#8221;#FF9D15&#8243; header_4_font=&#8221;Raleway|300|||||||&#8221; header_4_text_color=&#8221;#6b6b6b&#8221; hover_enabled=&#8221;0&#8243; global_colors_info=&#8221;{}&#8221; sticky_enabled=&#8221;0&#8243;]<\/p>\n<h4>Publication of chapters from a scientific book in<br \/><span style=\"color: #993366;\"><a href=\"http:\/\/www.editorial-transdigital.org\" target=\"_blank\" rel=\"noopener noreferrer\" style=\"color: #993366;\">www.editorial.transdigital.mx<\/a><\/span><\/h4>\n<p>[\/et_pb_text][\/et_pb_column][\/et_pb_row][et_pb_row _builder_version=&#8221;4.16&#8243; custom_padding=&#8221;||2px|||&#8221; global_colors_info=&#8221;{}&#8221;][et_pb_column type=&#8221;4_4&#8243; _builder_version=&#8221;4.16&#8243; global_colors_info=&#8221;{}&#8221;][et_pb_divider color=&#8221;#d6d6d6&#8243; divider_style=&#8221;dotted&#8221; _builder_version=&#8221;4.16&#8243; global_colors_info=&#8221;{}&#8221;][\/et_pb_divider][\/et_pb_column][\/et_pb_row][\/et_pb_section]<\/p>","protected":false},"excerpt":{"rendered":"<p>Fechas importantesCalendario(Huso horario Zona Centro UTC-06:00, UTC-05:00 en verano).Publicaci\u00f3n de convocatoria de ponenciasRecepci\u00f3n de textosConfirmaci\u00f3n v\u00eda correo electr\u00f3nico (congreso@transdigital.mx) de ponencias admitidas.Env\u00edo de videos acad\u00e9micos de corta duraci\u00f3n sobre la ponencia.Asistente: gratuito.Ponente: 6,000 pesos mexicanos. Este precio es por texto aceptado (m\u00e1ximo tres autores(as) y m\u00e1ximo 4 mil palabras. Se pueden publicar m\u00e1s autores y [&hellip;]<\/p>","protected":false},"author":1,"featured_media":0,"parent":2452,"menu_order":4,"comment_status":"closed","ping_status":"closed","template":"","meta":{"_acf_changed":false,"_et_pb_use_builder":"on","_et_pb_old_content":"","_et_gb_content_width":"","footnotes":""},"class_list":["post-380","page","type-page","status-publish","hentry"],"acf":[],"_links":{"self":[{"href":"https:\/\/congreso.transdigital.mx\/en\/wp-json\/wp\/v2\/pages\/380","targetHints":{"allow":["GET"]}}],"collection":[{"href":"https:\/\/congreso.transdigital.mx\/en\/wp-json\/wp\/v2\/pages"}],"about":[{"href":"https:\/\/congreso.transdigital.mx\/en\/wp-json\/wp\/v2\/types\/page"}],"author":[{"embeddable":true,"href":"https:\/\/congreso.transdigital.mx\/en\/wp-json\/wp\/v2\/users\/1"}],"replies":[{"embeddable":true,"href":"https:\/\/congreso.transdigital.mx\/en\/wp-json\/wp\/v2\/comments?post=380"}],"version-history":[{"count":50,"href":"https:\/\/congreso.transdigital.mx\/en\/wp-json\/wp\/v2\/pages\/380\/revisions"}],"predecessor-version":[{"id":4545,"href":"https:\/\/congreso.transdigital.mx\/en\/wp-json\/wp\/v2\/pages\/380\/revisions\/4545"}],"up":[{"embeddable":true,"href":"https:\/\/congreso.transdigital.mx\/en\/wp-json\/wp\/v2\/pages\/2452"}],"wp:attachment":[{"href":"https:\/\/congreso.transdigital.mx\/en\/wp-json\/wp\/v2\/media?parent=380"}],"curies":[{"name":"wp","href":"https:\/\/api.w.org\/{rel}","templated":true}]}}