{"id":405,"date":"2021-04-05T21:45:43","date_gmt":"2021-04-06T02:45:43","guid":{"rendered":"https:\/\/congreso-transdigital.org\/?page_id=405"},"modified":"2026-04-03T09:29:07","modified_gmt":"2026-04-03T15:29:07","slug":"envios","status":"publish","type":"page","link":"https:\/\/congreso.transdigital.mx\/en\/cvt-2024\/envios\/","title":{"rendered":"Submissions"},"content":{"rendered":"<p>[et_pb_section fb_built=&#8221;1&#8243; admin_label=&#8221;Speakers&#8221; _builder_version=&#8221;4.16&#8243; custom_padding=&#8221;90px||90px|&#8221; animation_style=&#8221;zoom&#8221; animation_intensity_zoom=&#8221;10%&#8221; global_colors_info=&#8221;{}&#8221;][et_pb_row _builder_version=&#8221;4.16&#8243; custom_margin=&#8221;|||&#8221; custom_padding=&#8221;40px|0px|40px|0px&#8221; global_colors_info=&#8221;{}&#8221;][et_pb_column type=&#8221;4_4&#8243; _builder_version=&#8221;4.16&#8243; custom_padding=&#8221;|||&#8221; global_colors_info=&#8221;{}&#8221; custom_padding__hover=&#8221;|||&#8221;][et_pb_text _builder_version=&#8221;4.27.4&#8243; text_font=&#8221;||||||||&#8221; text_text_color=&#8221;#7e7f93&#8243; text_font_size=&#8221;18px&#8221; header_font=&#8221;||||||||&#8221; header_3_font=&#8221;Raleway|300||on|||||&#8221; header_3_text_color=&#8221;#00504C&#8221; header_3_font_size=&#8221;36px&#8221; header_3_line_height=&#8221;1.4em&#8221; hover_enabled=&#8221;0&#8243; locked=&#8221;off&#8221; global_colors_info=&#8221;{}&#8221; sticky_enabled=&#8221;0&#8243;]<\/p>\n<h2><span style=\"color: #993366;\">Paper evaluation criteria<\/span><\/h2>\n<p>[\/et_pb_text][et_pb_text ol_position=&#8221;outside&#8221; ol_item_indent=&#8221;30px&#8221; _builder_version=&#8221;4.27.4&#8243; text_font=&#8221;||||||||&#8221; text_font_size=&#8221;18px&#8221; text_line_height=&#8221;1.8em&#8221; ol_font=&#8221;||||||||&#8221; ol_font_size=&#8221;19px&#8221; ol_line_height=&#8221;1.7em&#8221; global_colors_info=&#8221;{}&#8221;]<\/p>\n<p><span style=\"color: #000000;\">Reviewers will consider the following criteria when deciding whether to accept submitted manuscripts:<\/span><\/p>\n<ol>\n<li><span style=\"color: #000000;\">These are previously unpublished texts.<\/span><\/li>\n<li><span style=\"color: #000000;\">They present preliminary or final results of empirical or documentary research or scientific essays on the topics of the 7th<sup>o<\/sup> Virtual Congress <em>Transdigital.<\/em><\/span><\/li>\n<li><span style=\"color: #000000;\">If you are submitting research papers, they must be written in accordance with the official guidelines of the 7th<sup>o<\/sup> Virtual Congress <em>Transdigital<\/em> 2026, include a concise abstract of 150\u2013250 words, and follow the IMRyD method. That is, they specifically include an Introduction (research problem and purpose), the Method of research used, the main results, and a Discussion or Conclusion. Download the template to submit your empirical or documentary research report in Spanish\u00a0 <a href=\"https:\/\/congreso.transdigital.mx\/varios\/VCT-ResArt.docx\" style=\"color: #000000;\">here<\/a>.<\/span><\/li>\n<li><span style=\"color: #000000;\">If you are submitting scientific papers, please ensure they have been written in accordance with the official guidelines of the 7thTransdigitalVirtual Congress, include a concise abstract of 150\u2013250 words, and follow a general structure: Introduction, Body, and Conclusion. Download the template to submit your scientific paper in Spanish\u00a0 <a href=\"https:\/\/congreso.transdigital.mx\/varios\/VCT-SciEss.docx\" style=\"color: #000000;\">here<\/a>.<\/span><\/li>\n<li><span style=\"color: #000000;\">The manuscripts have been submitted in Spanish or English, ranging in length from 3,000 to 4,000 words (longer manuscripts may be published, subject to a price adjustment), including supplementary material and references formatted according to APA 7th edition.<\/span><\/li>\n<li><span style=\"color: #000000;\">The texts have been authored by up to three authors. Additional authors may be included, subject to a price adjustment.<\/span><\/li>\n<\/ol>\n<p>[\/et_pb_text][et_pb_code _builder_version=&#8221;4.16&#8243; global_colors_info=&#8221;{}&#8221;]<\/p>\n<style><!-- [et_pb_line_break_holder] -->  ol li{<!-- [et_pb_line_break_holder] -->    margin: 1.4em 0;<!-- [et_pb_line_break_holder] -->  }<!-- [et_pb_line_break_holder] --><!-- [et_pb_line_break_holder] --><\/style>\n<p>[\/et_pb_code][\/et_pb_column][\/et_pb_row][et_pb_row _builder_version=&#8221;4.16&#8243; global_colors_info=&#8221;{}&#8221;][et_pb_column type=&#8221;4_4&#8243; _builder_version=&#8221;4.16&#8243; global_colors_info=&#8221;{}&#8221;][et_pb_text _builder_version=&#8221;4.27.4&#8243; text_font_size=&#8221;20px&#8221; text_line_height=&#8221;1.6em&#8221; global_colors_info=&#8221;{}&#8221;]<\/p>\n<h2><span style=\"color: #993366;\">Submissions<\/span><\/h2>\n<p><span style=\"color: #993366;\"><\/span><\/p>\n<p><span style=\"color: #000000;\">The text of the paper should be sent to the e-mail <span style=\"color: #993366;\"><strong><a href=\"mailto:congreso@transdigital.mx\" style=\"color: #993366;\">congreso@transdigital.mx<\/a><\/strong>,<\/span> in a message with the following characteristics:<\/span><\/p>\n<p><span style=\"color: #000000;\"><strong>Subject:<\/strong><\/span><br \/><span style=\"color: #000000;\">T\u00edtulo_de_la_ponencia_CVT2026<\/span><\/p>\n<p><span style=\"color: #000000;\"><strong>Message:<\/strong><\/span><br \/><span style=\"color: #000000;\">Name(s) of authors, each with e-mail address, affiliation and ORCID.<\/span><\/p>\n<p><span style=\"color: #000000;\">Add comments on the paper to the congress management, if necessary.<\/span><\/p>\n<p><span style=\"color: #000000;\"><strong>Attachments:<\/strong><\/span><\/p>\n<ul>\n<li><span style=\"color: #000000;\">.docx document with the text of the article.<\/span><\/li>\n<li><span style=\"color: #000000;\">Figures in 150 dpi's resolution (one file per figure), in any of the following formats: .png, .jpg and .svg. Number the figure files in the order they appear in the paper.<\/span><\/li>\n<\/ul>\n<p><span style=\"color: #000000;\">\u00a0<\/span><\/p>\n<p>[\/et_pb_text][et_pb_text _builder_version=&#8221;4.27.4&#8243; text_font=&#8221;||||||||&#8221; text_text_color=&#8221;#7e7f93&#8243; text_font_size=&#8221;18px&#8221; header_font=&#8221;||||||||&#8221; header_3_font=&#8221;Raleway|300||on|||||&#8221; header_3_text_color=&#8221;#00504c&#8221; header_3_font_size=&#8221;36px&#8221; header_3_line_height=&#8221;1.4em&#8221; locked=&#8221;off&#8221; global_colors_info=&#8221;{}&#8221;]<\/p>\n<h2><span style=\"color: #993366;\">Publication in Transdigital Editorial<\/span><\/h2>\n<p>[\/et_pb_text][et_pb_text _builder_version=&#8221;4.27.4&#8243; text_font_size=&#8221;20px&#8221; text_line_height=&#8221;1.6em&#8221; global_colors_info=&#8221;{}&#8221;]<\/p>\n<p><span style=\"color: #000000;\">The papers accepted at the 7th Virtual Congress <em>Transdigital<\/em>\u00a0will be published as a scientific book chapter by Transdigital <em>Transdigital<\/em><\/span> <span style=\"color: #993366;\">(<a href=\"http:\/\/www.editorial-transdigital.org\" style=\"color: #993366;\">www.editorial.transdigital.mx<\/a>)<\/span> <span style=\"color: #000000;\">in December 2026 as an open-access document.<\/span><\/p>\n<p>[\/et_pb_text][\/et_pb_column][\/et_pb_row][\/et_pb_section]<\/p>","protected":false},"excerpt":{"rendered":"<p>Criterios de evaluaci\u00f3n de los textosLas y los revisores tomar\u00e1n en cuenta los siguientes criterios para aceptar los textos enviados: Son textos in\u00e9ditos. Presentan resultados parciales o finales de investigaciones emp\u00edricas, documentales o ensayos cient\u00edficos sobre los temas del 7.o Congreso Virtual Transdigital. Los art\u00edculos de investigaci\u00f3n han sido escritos siguiendo los formatos oficiales del [&hellip;]<\/p>","protected":false},"author":1,"featured_media":0,"parent":2452,"menu_order":2,"comment_status":"closed","ping_status":"closed","template":"","meta":{"_acf_changed":false,"_et_pb_use_builder":"on","_et_pb_old_content":"","_et_gb_content_width":"","footnotes":""},"class_list":["post-405","page","type-page","status-publish","hentry"],"acf":[],"_links":{"self":[{"href":"https:\/\/congreso.transdigital.mx\/en\/wp-json\/wp\/v2\/pages\/405","targetHints":{"allow":["GET"]}}],"collection":[{"href":"https:\/\/congreso.transdigital.mx\/en\/wp-json\/wp\/v2\/pages"}],"about":[{"href":"https:\/\/congreso.transdigital.mx\/en\/wp-json\/wp\/v2\/types\/page"}],"author":[{"embeddable":true,"href":"https:\/\/congreso.transdigital.mx\/en\/wp-json\/wp\/v2\/users\/1"}],"replies":[{"embeddable":true,"href":"https:\/\/congreso.transdigital.mx\/en\/wp-json\/wp\/v2\/comments?post=405"}],"version-history":[{"count":45,"href":"https:\/\/congreso.transdigital.mx\/en\/wp-json\/wp\/v2\/pages\/405\/revisions"}],"predecessor-version":[{"id":4546,"href":"https:\/\/congreso.transdigital.mx\/en\/wp-json\/wp\/v2\/pages\/405\/revisions\/4546"}],"up":[{"embeddable":true,"href":"https:\/\/congreso.transdigital.mx\/en\/wp-json\/wp\/v2\/pages\/2452"}],"wp:attachment":[{"href":"https:\/\/congreso.transdigital.mx\/en\/wp-json\/wp\/v2\/media?parent=405"}],"curies":[{"name":"wp","href":"https:\/\/api.w.org\/{rel}","templated":true}]}}