{"id":443,"date":"2021-04-06T23:26:11","date_gmt":"2021-04-07T04:26:11","guid":{"rendered":"https:\/\/congreso-transdigital.org\/?page_id=443"},"modified":"2026-04-02T16:38:01","modified_gmt":"2026-04-02T22:38:01","slug":"organizacion","status":"publish","type":"page","link":"https:\/\/congreso.transdigital.mx\/en\/cvt-2024\/organizacion\/","title":{"rendered":"Team"},"content":{"rendered":"<p>[et_pb_section fb_built=&#8221;1&#8243; admin_label=&#8221;Speakers&#8221; _builder_version=&#8221;4.16&#8243; custom_padding=&#8221;50px||90px|||&#8221; animation_style=&#8221;zoom&#8221; animation_intensity_zoom=&#8221;10%&#8221; global_colors_info=&#8221;{}&#8221;][et_pb_row _builder_version=&#8221;4.16&#8243; custom_margin=&#8221;|||&#8221; custom_padding=&#8221;40px|0px|40px|0px&#8221; global_colors_info=&#8221;{}&#8221;][et_pb_column type=&#8221;4_4&#8243; _builder_version=&#8221;4.16&#8243; custom_padding=&#8221;|||&#8221; global_colors_info=&#8221;{}&#8221; custom_padding__hover=&#8221;|||&#8221;][et_pb_text _builder_version=&#8221;4.27.4&#8243; text_font=&#8221;||||||||&#8221; text_text_color=&#8221;#7e7f93&#8243; text_font_size=&#8221;18px&#8221; header_font=&#8221;||||||||&#8221; header_3_font=&#8221;Raleway|300||on|||||&#8221; header_3_text_color=&#8221;#00504C&#8221; header_3_font_size=&#8221;36px&#8221; header_3_line_height=&#8221;1.4em&#8221; hover_enabled=&#8221;0&#8243; locked=&#8221;off&#8221; global_colors_info=&#8221;{}&#8221; sticky_enabled=&#8221;0&#8243;]<\/p>\n<h2><span style=\"color: #993366;\">Scientific Committee<\/span><\/h2>\n<p>[\/et_pb_text][et_pb_text ol_position=&#8221;outside&#8221; ol_item_indent=&#8221;30px&#8221; _builder_version=&#8221;4.27.4&#8243; text_font=&#8221;||||||||&#8221; text_font_size=&#8221;18px&#8221; text_line_height=&#8221;1.8em&#8221; ol_font=&#8221;||||||||&#8221; ol_font_size=&#8221;16px&#8221; ol_line_height=&#8221;1.7em&#8221; hover_enabled=&#8221;0&#8243; global_colors_info=&#8221;{}&#8221; sticky_enabled=&#8221;0&#8243;]<\/p>\n<ol>\n<li><span style=\"color: #000000;\">Maria Rosa Buxarrais Estrada, PhD - University of Barcelona, Spain.<\/span><\/li>\n<li><span style=\"color: #000000;\">Rafael Palacios Bustamante, PhD - Business School of Berlin, Germany.<\/span><\/li>\n<li><span style=\"color: #000000;\">Selma Muhic Dizdarevic, PhD - Charles University of Praga, Czech Republic.<\/span><\/li>\n<li><span style=\"color: #000000;\">Sergio Tob\u00f3n Tob\u00f3n, PhD - Science and Formation for Innovation and Entrepreneurship, Mexico.<\/span><\/li>\n<li><span style=\"color: #000000;\">Claudia Marina Vicario Sol\u00f3rzano, PhD - National Polytechnic Institute, Mexico.<\/span><\/li>\n<li><span style=\"color: #000000;\">Abraham Nosnik Ostrowiak, PhD - Anahuac University, Mexico.<\/span><\/li>\n<li><span style=\"color: #000000;\">Dr. Camilo Barrag\u00e1n Morales - Corporaci\u00f3n Universitaria Americana, Colombia.<\/span><\/li>\n<li><span style=\"color: #000000;\">Elia Lorena L\u00f3pez, PhD - University of York, United Kingdom.<\/span><\/li>\n<li><span style=\"color: #000000;\">Diego Fernando Barrag\u00e1n Giraldo, PhD - University La Salle Bogot\u00e1, Colombia.<\/span><\/li>\n<li><span style=\"color: #000000;\">Levy Far\u00edas, PhD - Central University of Venezuela, Venezuela.<\/span><\/li>\n<li><span style=\"color: #000000;\">Diana Far\u00edas Camero, PhD - Nacional University of Colombia, Colombia.<\/span><\/li>\n<li><span style=\"color: #000000;\">Ana Ayuste, PhD - University of Barcelona, Spain.<\/span><\/li>\n<li><span style=\"color: #000000;\">Tanius Karam, PhD - Autonomous University of Mexico City, M\u00e9xico.<\/span><\/li>\n<li><span style=\"color: #000000;\">Jordi L\u00f3pez Sintas, PhD - Autonomous University of Barcelona, Spain.<\/span><\/li>\n<li><span style=\"color: #000000;\">Gustavo Escobar Palafox, PhD - University of Sheffield\/Advanced Manufacturing Research Center Boeing, United Kingdom.<\/span><\/li>\n<li><span style=\"color: #000000;\">Sandra Mart\u00ednez P\u00e9rez, PhD - University of Barcelona, Spain.<\/span><\/li>\n<li><span style=\"color: #000000;\">Eil\u00e9n Oviedo Gonz\u00e1lez, PhD - National Pedagogical University, Mexico.<\/span><\/li>\n<li><span style=\"color: #000000;\">Marisol Garc\u00eda Cancino, PhD - Autonomous University of Chiapas, Mexico.<\/span><\/li>\n<li><span style=\"color: #000000;\">Rodrigo Browne Sartori, PhD - Austral University of Chile, Chile.<\/span><\/li>\n<li><span style=\"color: #000000;\">Alma Arcelia Ram\u00edrez \u00cd\u00f1iguez, PhD - Autonomous University of Baja California, Mexico.<\/span><\/li>\n<li><span style=\"color: #000000;\">Diana Luc\u00eda \u00c1lvarez Mac\u00edas, PhD - Mexico Autonomous Institute of Technology, Mexico.<\/span><\/li>\n<li><span style=\"color: #000000;\">Alberto Ram\u00edrez Martinell, PhD - University of Veracruz, Mexico.<\/span><\/li>\n<li><span style=\"color: #000000;\">Alicia Ang\u00e9lica N\u00fa\u00f1ez Urbina, PhD - Interdisciplinary Center for Research and Teaching in Technical Education, Mexico.<\/span><\/li>\n<li><span style=\"color: #000000;\">Diana Elisa Gonz\u00e1lez Calder\u00f3n, PhD - Autonomous University of the State of Mexico, Mexico.<\/span><\/li>\n<li><span style=\"color: #000000;\">Fernando Ortiz Vizuete, PhD - University of Cuenca, Peru.<\/span><\/li>\n<li><span style=\"color: #000000;\">Tiburcio Moreno Olivos, PhD - Metropolitan Autonomous University - Cuajimalpa, Mexico.<\/span><\/li>\n<li><span style=\"color: #000000;\">Ramona Imelda Garc\u00eda L\u00f3pez, PhD - Sonora Institute of Technology, Mexico.<\/span><\/li>\n<li><span style=\"color: #000000;\">Rosalilia Garc\u00eda Kavanagh, PhD - An\u00e1huac University of Oaxaca, Mexico.<\/span><\/li>\n<li><span style=\"color: #000000;\">Adelina Morita Alexander, PhD - Technological University of Queretaro, Mexico.<\/span><\/li>\n<li><span style=\"color: #000000;\">\u00a0Jorge Alberto Hidalgo Toledo, PhD - Anahuac University, Mexico.<\/span><\/li>\n<li><span style=\"color: #000000;\">V\u00edctor Gerardo C\u00e1rdenas Gonz\u00e1lez, PhD - Metropolitan Autonomous University - Iztapalapa, Mexico.<\/span><\/li>\n<li><span style=\"color: #000000;\">Roberto Carlos Ambrosio L\u00e1zaro, PhD - Meritorious Autonomous University of Puebla, Mexico.<\/span><\/li>\n<li><span style=\"color: #000000;\">Mar\u00eda del Pilar Anaya \u00c1vila, PhD - University of Veracruz, Mexico.<\/span><\/li>\n<li><span style=\"color: #000000;\">Natalia Biencinto L\u00f3pez, PhD - Research Society for Digital Studies C.S., Mexico.<\/span><\/li>\n<li><span style=\"color: #000000;\">Gina Gallegos Garc\u00eda, PhD - National Polytechnic Institute, Mexico.<\/span><\/li>\n<li><span style=\"color: #000000;\">Pedro Reynaga-Estrada, PhD - University of Guadalajara, Mexico.<\/span><\/li>\n<li><span style=\"color: #000000;\">Jos\u00e9 \u00c1ngel Garfias Fr\u00edas, PhD - National Autonomous University of Mexico, Mexico.<\/span><\/li>\n<li><span style=\"color: #000000;\">Pablo Baquero, PhD - Faberarium, Thessaloniki, Greece.<\/span><\/li>\n<li><span style=\"color: #000000;\">Carlos Enrique George Reyes, PhD - Monterrey Institute of Technology and Higher Education, Mexico.<\/span><\/li>\n<li><span style=\"color: #000000;\">Ileana Cruz S\u00e1nchez, PhD - Interdisciplinary Center for Research and Teaching in Technical Education, Mexico.<\/span><\/li>\n<li><span style=\"color: #000000;\">Jorge Francisco Barrag\u00e1n L\u00f3pez, PhD - Latin American and Caribbean Teachers Network.<\/span><\/li>\n<li><span style=\"color: #000000;\">Saknict\u00e9 Pist\u00e9 Beltr\u00e1n, PhD - Autonomous University of Ciudad Ju\u00e1rez, Chihuahua, Mexico.<\/span><\/li>\n<li><span style=\"color: #000000;\">David Cuenca Orozco, PhD - National Autonomous University of Mexico, Mexico.<\/span><\/li>\n<li><span style=\"color: #000000;\">Rom\u00e1n Castro Miranda, PhD - Benem\u00e9rita Escuela Normal of Veracruz, Mexico.<\/span><\/li>\n<li><span style=\"color: #000000;\">Mar\u00eda de Jes\u00fas de la Riva Lara, PhD - National Pedagogical University, Mexico.<\/span><\/li>\n<li><span style=\"color: #000000;\">Gabriela Grajales Garc\u00eda, PhD - Autonomous University of Chiapas, Mexico.<\/span><\/li>\n<li><span style=\"color: #000000;\">Mar\u00eda Guadalupe Veytia Bucheli, PhD - Autonomous University of the State of Hidalgo, Mexico.<\/span><\/li>\n<li><span style=\"color: #000000;\">Blanca Estela Bernal Escoto, PhD - President of the Tourism Real Estate Cluster of the state of Baja California, Mexico.<\/span><\/li>\n<\/ol>\n<p><span style=\"color: #000000;\">\u00a0<\/span><\/p>\n<p>[\/et_pb_text][et_pb_code _builder_version=&#8221;4.16&#8243; global_colors_info=&#8221;{}&#8221;]<\/p>\n<style><!-- [et_pb_line_break_holder] -->  ol li{<!-- [et_pb_line_break_holder] -->    margin: 1.4em 0;<!-- [et_pb_line_break_holder] -->  }<!-- [et_pb_line_break_holder] --><!-- [et_pb_line_break_holder] --><\/style>\n<p>[\/et_pb_code][\/et_pb_column][\/et_pb_row][\/et_pb_section]<\/p>","protected":false},"excerpt":{"rendered":"<p>Comit\u00e9 cient\u00edfico Maria Rosa Buxarrais Estrada &#8211; Universidad de Barcelona, Espa\u00f1a. Rafael Palacios Bustamante &#8211; Escuela de Negocios de Berl\u00edn, Alemania. Selma Muhic Dizdarevic &#8211; Universidad Charles de Praga, Rep\u00fablica Checa. Sergio Tob\u00f3n Tob\u00f3n &#8211; Ciencia e Innovaci\u00f3n para la Formaci\u00f3n y el Emprendimiento, M\u00e9xico. Claudia Marina Vicario Sol\u00f3rzano &#8211; Instituto Polit\u00e9cnico Nacional, M\u00e9xico. Abraham [&hellip;]<\/p>","protected":false},"author":1,"featured_media":0,"parent":2452,"menu_order":3,"comment_status":"closed","ping_status":"closed","template":"","meta":{"_acf_changed":false,"_et_pb_use_builder":"on","_et_pb_old_content":"","_et_gb_content_width":"","footnotes":""},"class_list":["post-443","page","type-page","status-publish","hentry"],"acf":[],"_links":{"self":[{"href":"https:\/\/congreso.transdigital.mx\/en\/wp-json\/wp\/v2\/pages\/443","targetHints":{"allow":["GET"]}}],"collection":[{"href":"https:\/\/congreso.transdigital.mx\/en\/wp-json\/wp\/v2\/pages"}],"about":[{"href":"https:\/\/congreso.transdigital.mx\/en\/wp-json\/wp\/v2\/types\/page"}],"author":[{"embeddable":true,"href":"https:\/\/congreso.transdigital.mx\/en\/wp-json\/wp\/v2\/users\/1"}],"replies":[{"embeddable":true,"href":"https:\/\/congreso.transdigital.mx\/en\/wp-json\/wp\/v2\/comments?post=443"}],"version-history":[{"count":37,"href":"https:\/\/congreso.transdigital.mx\/en\/wp-json\/wp\/v2\/pages\/443\/revisions"}],"predecessor-version":[{"id":4534,"href":"https:\/\/congreso.transdigital.mx\/en\/wp-json\/wp\/v2\/pages\/443\/revisions\/4534"}],"up":[{"embeddable":true,"href":"https:\/\/congreso.transdigital.mx\/en\/wp-json\/wp\/v2\/pages\/2452"}],"wp:attachment":[{"href":"https:\/\/congreso.transdigital.mx\/en\/wp-json\/wp\/v2\/media?parent=443"}],"curies":[{"name":"wp","href":"https:\/\/api.w.org\/{rel}","templated":true}]}}