{"id":493,"date":"2021-04-16T16:17:02","date_gmt":"2021-04-16T21:17:02","guid":{"rendered":"https:\/\/congreso-transdigital.org\/?page_id=493"},"modified":"2026-04-02T19:33:37","modified_gmt":"2026-04-03T01:33:37","slug":"libros","status":"publish","type":"page","link":"https:\/\/congreso.transdigital.mx\/en\/cvt-2024\/libros\/","title":{"rendered":"Books"},"content":{"rendered":"<p>[et_pb_section fb_built=&#8221;1&#8243; _builder_version=&#8221;4.16&#8243; _module_preset=&#8221;default&#8221; global_colors_info=&#8221;{}&#8221;][et_pb_row _builder_version=&#8221;4.16&#8243; _module_preset=&#8221;default&#8221; global_colors_info=&#8221;{}&#8221;][et_pb_column type=&#8221;4_4&#8243; _builder_version=&#8221;4.16&#8243; _module_preset=&#8221;default&#8221; global_colors_info=&#8221;{}&#8221;][et_pb_text _builder_version=&#8221;4.27.4&#8243; _module_preset=&#8221;default&#8221; text_font=&#8221;Raleway||||||||&#8221; header_2_font=&#8221;Raleway|300|||||||&#8221; header_2_text_color=&#8221;#00504C&#8221; global_colors_info=&#8221;{}&#8221;]<\/p>\n<h2><span style=\"color: #993366;\"><strong>Books<\/strong><\/span><span style=\"color: #800000;\"><br \/><\/span><\/h2>\n<p>[\/et_pb_text][et_pb_text _builder_version=&#8221;4.27.4&#8243; _module_preset=&#8221;default&#8221; text_font_size=&#8221;18px&#8221; link_option_url=&#8221;https:\/\/doi.org\/10.56162\/transdigitalb39&#8243; link_option_url_new_window=&#8221;on&#8221; hover_enabled=&#8221;0&#8243; global_colors_info=&#8221;{}&#8221; sticky_enabled=&#8221;0&#8243;]<\/p>\n<p><span style=\"color: #993366;\"><a href=\"https:\/\/doi.org\/10.56162\/transdigitalbc04\" style=\"color: #993366;\">Read the book Inteligencia artificial: nuevas experiencias acad\u00e9micas 2025<\/a><\/span><\/p>\n<p>[\/et_pb_text][et_pb_text _builder_version=&#8221;4.27.4&#8243; _module_preset=&#8221;default&#8221; text_font_size=&#8221;18px&#8221; link_option_url=&#8221;https:\/\/doi.org\/10.56162\/transdigitalb39&#8243; link_option_url_new_window=&#8221;on&#8221; hover_enabled=&#8221;0&#8243; global_colors_info=&#8221;{}&#8221; sticky_enabled=&#8221;0&#8243; custom_padding=&#8221;||0px|||&#8221; custom_margin=&#8221;||-4px|||&#8221;]<\/p>\n<p><span style=\"color: #0275db;\"><a href=\"https:\/\/doi.org\/10.56162\/transdigitalbc03\"><span style=\"color: #800080;\">Read the book <span style=\"color: #993366;\">Digitalizaci\u00f3n<\/span> de la vida cotidiana 2025<\/span><\/a><\/span><\/p>\n<p>&nbsp;<\/p>\n<p>[\/et_pb_text][et_pb_text _builder_version=&#8221;4.27.4&#8243; _module_preset=&#8221;default&#8221; text_font_size=&#8221;18px&#8221; link_option_url=&#8221;https:\/\/doi.org\/10.56162\/transdigitalb39&#8243; link_option_url_new_window=&#8221;on&#8221; hover_enabled=&#8221;0&#8243; global_colors_info=&#8221;{}&#8221; sticky_enabled=&#8221;0&#8243;]<\/p>\n<p><span style=\"color: #0275db;\"><span style=\"color: #993366;\"><a href=\"https:\/\/doi.org\/10.56162\/transdigitalbc02\" style=\"color: #993366;\">Read the book Educaci\u00f3n transdigital 2025<\/a><\/span><br \/><\/span><\/p>\n<p>[\/et_pb_text][et_pb_text _builder_version=&#8221;4.27.4&#8243; _module_preset=&#8221;default&#8221; text_font_size=&#8221;18px&#8221; link_option_url=&#8221;https:\/\/doi.org\/10.56162\/transdigitalb39&#8243; link_option_url_new_window=&#8221;on&#8221; hover_enabled=&#8221;0&#8243; global_colors_info=&#8221;{}&#8221; sticky_enabled=&#8221;0&#8243;]<\/p>\n<p><span style=\"color: #0275db;\"><span style=\"color: #993366;\">Read the book Perspectivas contempor\u00e1neas sobre educaci\u00f3n y tecnolog\u00eda digital 2024<\/span><br \/><\/span><\/p>\n<p>[\/et_pb_text][et_pb_text _builder_version=&#8221;4.27.4&#8243; _module_preset=&#8221;default&#8221; text_font_size=&#8221;18px&#8221; link_option_url=&#8221;https:\/\/doi.org\/10.56162\/transdigitalb38&#8243; link_option_url_new_window=&#8221;on&#8221; hover_enabled=&#8221;0&#8243; global_colors_info=&#8221;{}&#8221; sticky_enabled=&#8221;0&#8243;]<\/p>\n<p><span style=\"color: #0275db;\"><span style=\"color: #993366;\">Read the book Tecnolog\u00edas disruptivas y sociedad 2024<\/span><br \/><\/span><\/p>\n<p>[\/et_pb_text][et_pb_text _builder_version=&#8221;4.27.4&#8243; _module_preset=&#8221;default&#8221; text_font_size=&#8221;18px&#8221; link_option_url=&#8221;https:\/\/www.editorial-transdigital.org\/libros\/horizontes-de-la-transformacion-digital\/&#8221; link_option_url_new_window=&#8221;on&#8221; hover_enabled=&#8221;0&#8243; global_colors_info=&#8221;{}&#8221; sticky_enabled=&#8221;0&#8243;]<\/p>\n<p><span style=\"color: #0275db;\"><span style=\"color: #993366;\">Read the book Horizontes de la transformacio\u0301n digital 2023<\/span><br \/><\/span><\/p>\n<p>[\/et_pb_text][et_pb_text _builder_version=&#8221;4.27.4&#8243; _module_preset=&#8221;default&#8221; text_font_size=&#8221;18px&#8221; link_option_url=&#8221;https:\/\/www.editorial-transdigital.org\/libros\/metodos-y-proyectos-transdigitales\/&#8221; link_option_url_new_window=&#8221;on&#8221; hover_enabled=&#8221;0&#8243; global_colors_info=&#8221;{}&#8221; sticky_enabled=&#8221;0&#8243;]<\/p>\n<p><span style=\"color: #0275db;\"><span style=\"color: #993366;\">Read the book M\u00e9todos y proyectos transdigitales 2022<\/span><br \/><\/span><\/p>\n<p>[\/et_pb_text][et_pb_text _builder_version=&#8221;4.27.4&#8243; _module_preset=&#8221;default&#8221; text_font_size=&#8221;18px&#8221; link_option_url=&#8221;https:\/\/www.editorial-transdigital.org\/libros\/tecnologia-y-contingencias\/&#8221; link_option_url_new_window=&#8221;on&#8221; hover_enabled=&#8221;0&#8243; global_colors_info=&#8221;{}&#8221; sticky_enabled=&#8221;0&#8243;]<\/p>\n<p><span style=\"color: #993366;\">Read the book Tecnolog\u00edas y contingencias 2021<\/span><\/p>\n<p>[\/et_pb_text][et_pb_text _builder_version=&#8221;4.27.4&#8243; _module_preset=&#8221;default&#8221; text_font_size=&#8221;18px&#8221; link_option_url=&#8221;https:\/\/www.editorial-transdigital.org\/libros\/nuevas-perspectivas-en-los-estudios-transdigitales\/&#8221; link_option_url_new_window=&#8221;on&#8221; hover_enabled=&#8221;0&#8243; global_colors_info=&#8221;{}&#8221; sticky_enabled=&#8221;0&#8243;]<\/p>\n<p><span style=\"color: #0275db;\"><span style=\"color: #993366;\">Read the book Nuevas perspectivas en los estudios Transdigitales 2020<\/span><br \/><\/span><\/p>\n<p>[\/et_pb_text][\/et_pb_column][\/et_pb_row][\/et_pb_section]<\/p>","protected":false},"excerpt":{"rendered":"<p>LibrosLea gratuitamente el libro Inteligencia artificial: nuevas experiencias acad\u00e9micas 2025Lea gratuitamente el libro Digitalizaci\u00f3n de la vida cotidiana 2025 &nbsp;Lea gratuitamente el libro Educaci\u00f3n transdigital 2025Lea gratuitamente el libro Perspectivas contempor\u00e1neas sobre educaci\u00f3n y tecnolog\u00eda digital 2024Lea gratuitamente el libro Tecnolog\u00edas disruptivas y sociedad 2024Lea gratuitamente el libro Horizontes de la transformacio\u0301n digital 2023Lea gratuitamente [&hellip;]<\/p>","protected":false},"author":1,"featured_media":0,"parent":2452,"menu_order":4,"comment_status":"closed","ping_status":"closed","template":"","meta":{"_acf_changed":false,"_et_pb_use_builder":"on","_et_pb_old_content":"","_et_gb_content_width":"","footnotes":""},"class_list":["post-493","page","type-page","status-publish","hentry"],"acf":[],"_links":{"self":[{"href":"https:\/\/congreso.transdigital.mx\/en\/wp-json\/wp\/v2\/pages\/493","targetHints":{"allow":["GET"]}}],"collection":[{"href":"https:\/\/congreso.transdigital.mx\/en\/wp-json\/wp\/v2\/pages"}],"about":[{"href":"https:\/\/congreso.transdigital.mx\/en\/wp-json\/wp\/v2\/types\/page"}],"author":[{"embeddable":true,"href":"https:\/\/congreso.transdigital.mx\/en\/wp-json\/wp\/v2\/users\/1"}],"replies":[{"embeddable":true,"href":"https:\/\/congreso.transdigital.mx\/en\/wp-json\/wp\/v2\/comments?post=493"}],"version-history":[{"count":25,"href":"https:\/\/congreso.transdigital.mx\/en\/wp-json\/wp\/v2\/pages\/493\/revisions"}],"predecessor-version":[{"id":4542,"href":"https:\/\/congreso.transdigital.mx\/en\/wp-json\/wp\/v2\/pages\/493\/revisions\/4542"}],"up":[{"embeddable":true,"href":"https:\/\/congreso.transdigital.mx\/en\/wp-json\/wp\/v2\/pages\/2452"}],"wp:attachment":[{"href":"https:\/\/congreso.transdigital.mx\/en\/wp-json\/wp\/v2\/media?parent=493"}],"curies":[{"name":"wp","href":"https:\/\/api.w.org\/{rel}","templated":true}]}}