{"id":986,"date":"2022-04-07T14:06:12","date_gmt":"2022-04-07T19:06:12","guid":{"rendered":"https:\/\/congreso-transdigital.org\/?page_id=986"},"modified":"2026-04-02T19:09:00","modified_gmt":"2026-04-03T01:09:00","slug":"inscripcion","status":"publish","type":"page","link":"https:\/\/congreso.transdigital.mx\/en\/cvt2023\/inscripcion\/","title":{"rendered":"Registration and Payment"},"content":{"rendered":"<p>[et_pb_section fb_built=&#8221;1&#8243; admin_label=&#8221;Speakers&#8221; _builder_version=&#8221;4.16&#8243; custom_padding=&#8221;90px||90px|&#8221; animation_style=&#8221;zoom&#8221; animation_intensity_zoom=&#8221;10%&#8221; global_colors_info=&#8221;{}&#8221;][et_pb_row _builder_version=&#8221;4.16&#8243; custom_margin=&#8221;|||&#8221; custom_padding=&#8221;40px|0px|40px|0px&#8221; global_colors_info=&#8221;{}&#8221;][et_pb_column type=&#8221;4_4&#8243; _builder_version=&#8221;4.16&#8243; custom_padding=&#8221;|||&#8221; global_colors_info=&#8221;{}&#8221; custom_padding__hover=&#8221;|||&#8221;][et_pb_text _builder_version=&#8221;4.27.4&#8243; text_font=&#8221;||||||||&#8221; text_text_color=&#8221;#7e7f93&#8243; text_font_size=&#8221;18px&#8221; header_font=&#8221;||||||||&#8221; header_3_font=&#8221;Raleway|300||on|||||&#8221; header_3_text_color=&#8221;#00504C&#8221; header_3_font_size=&#8221;36px&#8221; header_3_line_height=&#8221;1.4em&#8221; hover_enabled=&#8221;0&#8243; locked=&#8221;off&#8221; global_colors_info=&#8221;{}&#8221; sticky_enabled=&#8221;0&#8243;]<\/p>\n<h2 class=\"translation-block\">Registration process<\/h2>\n<p>[\/et_pb_text][et_pb_text ol_position=&#8221;outside&#8221; ol_item_indent=&#8221;30px&#8221; _builder_version=&#8221;4.27.4&#8243; text_font=&#8221;||||||||&#8221; text_font_size=&#8221;18px&#8221; text_line_height=&#8221;1.8em&#8221; ol_font=&#8221;||||||||&#8221; ol_font_size=&#8221;19px&#8221; ol_line_height=&#8221;1.7em&#8221; hover_enabled=&#8221;0&#8243; global_colors_info=&#8221;{}&#8221; sticky_enabled=&#8221;0&#8243;]<\/p>\n<p><span style=\"color: #000000;\"><strong>Speakers<\/strong><\/span><br \/><span style=\"color: #000000;\">Once you receive an email (<span style=\"color: #993366;\"><a href=\"mailto:congreso@transdigital.mx\" style=\"color: #993366;\">congreso@transdigital.mx<\/a><\/span>) Upon receiving the formal acceptance letter for your paper (by August 15, 2026), you must register each of your accepted papers. Registration is per paper, not per author.<\/span><\/p>\n<p><span style=\"color: #000000;\"><strong>Attendees<\/strong><\/span><br \/><span style=\"color: #000000;\">Attendees do not need to register, as they can access the 7th<sup>o<\/sup> Transdigital Virtual Conference for free. If you would like to request a certificate of attendance, please email <span style=\"color: #993366;\"><a href=\"mailto:congreso@transdigital.mx\" style=\"color: #993366;\">congreso@transdigital.mx<\/a><\/span>\u00a0<\/span><\/p>\n<p>[\/et_pb_text][et_pb_code _builder_version=&#8221;4.16&#8243; global_colors_info=&#8221;{}&#8221;]<\/p>\n<style><!-- [et_pb_line_break_holder] -->  ol li{<!-- [et_pb_line_break_holder] -->    margin: 1.4em 0;<!-- [et_pb_line_break_holder] -->  }<!-- [et_pb_line_break_holder] --><!-- [et_pb_line_break_holder] --><\/style>\n<p>[\/et_pb_code][\/et_pb_column][\/et_pb_row][et_pb_row _builder_version=&#8221;4.16&#8243; custom_margin=&#8221;|||&#8221; custom_padding=&#8221;40px|0px|40px|0px&#8221; global_colors_info=&#8221;{}&#8221;][et_pb_column type=&#8221;4_4&#8243; _builder_version=&#8221;4.16&#8243; custom_padding=&#8221;|||&#8221; global_colors_info=&#8221;{}&#8221; custom_padding__hover=&#8221;|||&#8221;][et_pb_text _builder_version=&#8221;4.27.4&#8243; text_font=&#8221;||||||||&#8221; text_text_color=&#8221;#7e7f93&#8243; text_font_size=&#8221;18px&#8221; header_font=&#8221;||||||||&#8221; header_3_font=&#8221;Raleway|300||on|||||&#8221; header_3_text_color=&#8221;#00504C&#8221; header_3_font_size=&#8221;36px&#8221; header_3_line_height=&#8221;1.4em&#8221; hover_enabled=&#8221;0&#8243; locked=&#8221;off&#8221; global_colors_info=&#8221;{}&#8221; sticky_enabled=&#8221;0&#8243;]<\/p>\n<h2><span style=\"color: #993366;\">Registration dates and fees<\/span><\/h2>\n<p>[\/et_pb_text][et_pb_text ol_position=&#8221;outside&#8221; ol_item_indent=&#8221;30px&#8221; _builder_version=&#8221;4.27.4&#8243; text_font=&#8221;||||||||&#8221; text_font_size=&#8221;18px&#8221; text_line_height=&#8221;1.8em&#8221; ol_font=&#8221;||||||||&#8221; ol_font_size=&#8221;19px&#8221; ol_line_height=&#8221;1.7em&#8221; link_option_url_new_window=&#8221;on&#8221; hover_enabled=&#8221;0&#8243; global_colors_info=&#8221;{}&#8221; sticky_enabled=&#8221;0&#8243;]<\/p>\n<p>The registration deadline is September 15, 2026 (Central Time Zone UTC-06:00, UTC-05:00 during daylight saving time):<\/p>\n<p><strong>Speaker<\/strong>: 6,000 Mexican pesos. This fee applies to accepted papers with up to three authors.<\/p>\n<p><strong>Attendee<\/strong>: free.<\/p>\n<p>[\/et_pb_text][et_pb_code _builder_version=&#8221;4.16&#8243; global_colors_info=&#8221;{}&#8221;]<\/p>\n<style><!-- [et_pb_line_break_holder] -->  ol li{<!-- [et_pb_line_break_holder] -->    margin: 1.4em 0;<!-- [et_pb_line_break_holder] -->  }<!-- [et_pb_line_break_holder] --><!-- [et_pb_line_break_holder] --><\/style>\n<p>[\/et_pb_code][\/et_pb_column][\/et_pb_row][et_pb_row _builder_version=&#8221;4.16&#8243; custom_margin=&#8221;|||&#8221; custom_padding=&#8221;40px|0px|40px|0px&#8221; global_colors_info=&#8221;{}&#8221;][et_pb_column type=&#8221;4_4&#8243; _builder_version=&#8221;4.16&#8243; custom_padding=&#8221;|||&#8221; global_colors_info=&#8221;{}&#8221; custom_padding__hover=&#8221;|||&#8221;][et_pb_text _builder_version=&#8221;4.27.4&#8243; text_font=&#8221;||||||||&#8221; text_text_color=&#8221;#7e7f93&#8243; text_font_size=&#8221;18px&#8221; header_font=&#8221;||||||||&#8221; header_3_font=&#8221;Raleway|300||on|||||&#8221; header_3_text_color=&#8221;#00504c&#8221; header_3_font_size=&#8221;36px&#8221; header_3_line_height=&#8221;1.4em&#8221; hover_enabled=&#8221;0&#8243; locked=&#8221;off&#8221; global_colors_info=&#8221;{}&#8221; sticky_enabled=&#8221;0&#8243;]<\/p>\n<h2><span style=\"color: #993366;\">Payment options<\/span><\/h2>\n<p>[\/et_pb_text][et_pb_text ol_position=&#8221;outside&#8221; ol_item_indent=&#8221;30px&#8221; _builder_version=&#8221;4.27.4&#8243; text_font=&#8221;||||||||&#8221; text_font_size=&#8221;18px&#8221; text_line_height=&#8221;1.8em&#8221; ol_font=&#8221;||||||||&#8221; ol_font_size=&#8221;19px&#8221; ol_line_height=&#8221;1.7em&#8221; hover_enabled=&#8221;0&#8243; global_colors_info=&#8221;{}&#8221; sticky_enabled=&#8221;0&#8243;]<\/p>\n<p>You can make the payment of each of your accepted texts with any of the following options:<\/p>\n<p class=\"translation-block\"><strong>1. Deposit at the bank window or national or international transfer.<\/strong><\/p>\n<p>If you make the deposit in Mexican territory, the information required is:<\/p>\n<p class=\"translation-block\">Name or company name of the beneficiary: <em>Sociedad de Investigaci\u00f3n sobre Estudios Digitales S.C.<\/em><\/p>\n<p class=\"translation-block\">Bank: BBVA<\/p>\n<p>Account: <em>0123119033<\/em>.<\/p>\n<p>If you are making the transfer or deposit from a bank other than BBVA, the interbank transfer code (CLABE) is: <em>012680001231190332<\/em>.<\/p>\n<p>Concept: <em>Last name of the corresponding author.<\/em>.<\/p>\n<p><strong>\u00a0<\/strong><\/p>\n<p><strong>2. Payment by credit card via <em>Paypal<\/em><\/strong><\/p>\n<p>This option can be done in Mexican territory or in any other country that is not Mexico.<\/p>\n<p>Go to the bottom of this page <span style=\"color: #993366;\"><a href=\"http:\/\/www.congreso-transdigital.org\" style=\"color: #993366;\">www.congreso.transdigital.mx<\/a><\/span> and follow the instructions.<\/p>\n<p>&nbsp;<\/p>\n<p><strong>Payment confirmation.<\/strong><\/p>\n<p>Once you have made the payment for the option of your choice, please send the proof of payment to the email <span style=\"color: #993366;\"><a href=\"mailto:congreso@transdigital.mx\" style=\"color: #993366;\">congreso@transdigital.mx<\/a><\/span> with the following information:<\/p>\n<p>Author's name.<\/p>\n<p>Titles of the texts you are paying for.<\/p>\n<p>Your registration will be confirmed as soon as possible by email.<\/p>\n<p>&nbsp;<\/p>\n<p><strong>Doubts about the registration process?<\/strong><\/p>\n<p>WhatsApp: +52 (442) 301 32 38.<\/p>\n<p>Link directo a WhatsApp: <span style=\"color: #993366;\"><a href=\"https:\/\/wa.me\/message\/PFGE567UBNMOE1\" style=\"color: #993366;\">https:\/\/wa.me\/message\/PFGE567UBNMOE1<\/a><\/span>\u00a0<\/p>\n<p><span style=\"color: #993366;\"><a href=\"mailto:congreso@transdigital.mx\" style=\"color: #993366;\">congreso@transdigital.mx<\/a><\/span>\u00a0<\/p>\n<p>[\/et_pb_text][et_pb_code _builder_version=&#8221;4.16&#8243; global_colors_info=&#8221;{}&#8221;]<\/p>\n<style><!-- [et_pb_line_break_holder] -->  ol li{<!-- [et_pb_line_break_holder] -->    margin: 1.4em 0;<!-- [et_pb_line_break_holder] -->  }<!-- [et_pb_line_break_holder] --><!-- [et_pb_line_break_holder] --><\/style>\n<p>[\/et_pb_code][\/et_pb_column][\/et_pb_row][\/et_pb_section][et_pb_section fb_built=&#8221;1&#8243; admin_label=&#8221;Speakers&#8221; module_id=&#8221;pago&#8221; _builder_version=&#8221;4.17.4&#8243; custom_padding=&#8221;40px||90px||false|false&#8221; animation_style=&#8221;zoom&#8221; animation_intensity_zoom=&#8221;10%&#8221; global_colors_info=&#8221;{}&#8221;][et_pb_row _builder_version=&#8221;4.17.4&#8243; _module_preset=&#8221;default&#8221; global_colors_info=&#8221;{}&#8221;][et_pb_column type=&#8221;4_4&#8243; _builder_version=&#8221;4.17.4&#8243; _module_preset=&#8221;default&#8221; global_colors_info=&#8221;{}&#8221;][et_pb_text _builder_version=&#8221;4.27.4&#8243; text_font=&#8221;||||||||&#8221; text_text_color=&#8221;#7e7f93&#8243; text_font_size=&#8221;18px&#8221; header_font=&#8221;||||||||&#8221; header_3_font=&#8221;Raleway|300||on|||||&#8221; header_3_text_color=&#8221;#00504c&#8221; header_3_font_size=&#8221;36px&#8221; header_3_line_height=&#8221;1.4em&#8221; hover_enabled=&#8221;0&#8243; locked=&#8221;off&#8221; global_colors_info=&#8221;{}&#8221; sticky_enabled=&#8221;0&#8243;]<\/p>\n<h2><span style=\"color: #993366;\">Payment section<\/span><\/h2>\n<p>[\/et_pb_text][\/et_pb_column][\/et_pb_row][et_pb_row _builder_version=&#8221;4.23&#8243; _module_preset=&#8221;default&#8221; custom_margin=&#8221;||50px||false|false&#8221; global_colors_info=&#8221;{}&#8221;][et_pb_column type=&#8221;4_4&#8243; _builder_version=&#8221;4.17.4&#8243; _module_preset=&#8221;default&#8221; global_colors_info=&#8221;{}&#8221;][et_pb_text _builder_version=&#8221;4.27.4&#8243; _module_preset=&#8221;default&#8221; header_2_font=&#8221;Raleway|300|||||||&#8221; header_2_text_color=&#8221;#00504C&#8221; hover_enabled=&#8221;0&#8243; global_colors_info=&#8221;{}&#8221; sticky_enabled=&#8221;0&#8243;]<\/p>\n<h2 style=\"text-align: center;\"><span style=\"color: #993366;\"><strong>Speaker<\/strong><\/span><\/h2>\n<p style=\"text-align: center;\">People who send a text for the 7th.<sup>o<\/sup> Virtual Congress <em>Transdigital<\/em>. His work will be published in a book with an ISBN.<\/p>\n<p>[\/et_pb_text][\/et_pb_column][\/et_pb_row][et_pb_row _builder_version=&#8221;4.23&#8243; _module_preset=&#8221;default&#8221; min_height=&#8221;719.4px&#8221; custom_padding=&#8221;||0px|||&#8221; global_colors_info=&#8221;{}&#8221;][et_pb_column type=&#8221;4_4&#8243; _builder_version=&#8221;4.17.3&#8243; _module_preset=&#8221;default&#8221; global_colors_info=&#8221;{}&#8221;][et_pb_code _builder_version=&#8221;4.27.4&#8243; _module_preset=&#8221;default&#8221; text_orientation=&#8221;center&#8221; module_alignment=&#8221;center&#8221; min_height=&#8221;295px&#8221; link_option_url_new_window=&#8221;on&#8221; hover_enabled=&#8221;0&#8243; global_colors_info=&#8221;{}&#8221; sticky_enabled=&#8221;0&#8243;]<script <!-- [et_pb_line_break_holder] -->  src=\"https:\/\/www.paypal.com\/sdk\/js?client-id=BAAzsGrPkqx1rmqJsSH7_WR3cNxXxfv-SdA6ygTO04Mgctvlci338k78ZRaGDEuuOL23sEy-44PDkpLliw&components=hosted-buttons&disable-funding=venmo&currency=MXN\"><!-- [et_pb_line_break_holder] --><\/script><!-- [et_pb_line_break_holder] --><\/p>\n<div id=\"paypal-container-V5YB5S37Q4QEG\"><\/div>\n<p><!-- [et_pb_line_break_holder] --><script><!-- [et_pb_line_break_holder] -->  paypal.HostedButtons({<!-- [et_pb_line_break_holder] -->    hostedButtonId: \"V5YB5S37Q4QEG\",<!-- [et_pb_line_break_holder] -->  }).render(\"#paypal-container-V5YB5S37Q4QEG\")<!-- [et_pb_line_break_holder] --><\/script>[\/et_pb_code][\/et_pb_column][\/et_pb_row][\/et_pb_section]<\/p>","protected":false},"excerpt":{"rendered":"<p>Proceso de Inscripci\u00f3nPonentesUna vez que reciba por correo electr\u00f3nico (congreso@transdigital.mx) la carta de aceptaci\u00f3n formal de su ponencia (antes del 15 de agosto de 2026), deber\u00e1 proceder a la inscripci\u00f3n oportuna de cada uno de sus textos admitidos. La inscripci\u00f3n es por texto, no por autores(as). AsistentesLos asistentes no realizar\u00e1n inscripci\u00f3n porque pueden acceder al [&hellip;]<\/p>","protected":false},"author":1,"featured_media":0,"parent":1879,"menu_order":5,"comment_status":"closed","ping_status":"closed","template":"","meta":{"_acf_changed":false,"_et_pb_use_builder":"on","_et_pb_old_content":"","_et_gb_content_width":"","footnotes":""},"class_list":["post-986","page","type-page","status-publish","hentry"],"acf":[],"_links":{"self":[{"href":"https:\/\/congreso.transdigital.mx\/en\/wp-json\/wp\/v2\/pages\/986","targetHints":{"allow":["GET"]}}],"collection":[{"href":"https:\/\/congreso.transdigital.mx\/en\/wp-json\/wp\/v2\/pages"}],"about":[{"href":"https:\/\/congreso.transdigital.mx\/en\/wp-json\/wp\/v2\/types\/page"}],"author":[{"embeddable":true,"href":"https:\/\/congreso.transdigital.mx\/en\/wp-json\/wp\/v2\/users\/1"}],"replies":[{"embeddable":true,"href":"https:\/\/congreso.transdigital.mx\/en\/wp-json\/wp\/v2\/comments?post=986"}],"version-history":[{"count":70,"href":"https:\/\/congreso.transdigital.mx\/en\/wp-json\/wp\/v2\/pages\/986\/revisions"}],"predecessor-version":[{"id":4537,"href":"https:\/\/congreso.transdigital.mx\/en\/wp-json\/wp\/v2\/pages\/986\/revisions\/4537"}],"up":[{"embeddable":true,"href":"https:\/\/congreso.transdigital.mx\/en\/wp-json\/wp\/v2\/pages\/1879"}],"wp:attachment":[{"href":"https:\/\/congreso.transdigital.mx\/en\/wp-json\/wp\/v2\/media?parent=986"}],"curies":[{"name":"wp","href":"https:\/\/api.w.org\/{rel}","templated":true}]}}